{"id":109,"date":"2018-03-23T13:25:41","date_gmt":"2018-03-23T10:25:41","guid":{"rendered":"http:\/\/ermantektas.com\/erm\/?page_id=109"},"modified":"2018-03-23T13:25:41","modified_gmt":"2018-03-23T10:25:41","slug":"prosthetic-restoration","status":"publish","type":"page","link":"https:\/\/octoimplant.com\/index.php\/prosthetic-restoration\/","title":{"rendered":"Prosthetic Restoration"},"content":{"rendered":"<p>[vc_row][vc_column width=&#8221;1\/2&#8243;][vc_column_text]Complete and partial edentulous cases can be restored in two ways with OCTO implant system<\/p>\n<h2 id=\"\">Making\u00a0cemented fixed restoration on the abutments transferred to the laboratory using analogs<\/h2>\n<p>An impression is taken from the mouth after the abutment is fixed permanently in to the implant. Then, the abutment is not removed from the mouth. Prosthetic procedures are made in the laboratory in two ways; The first way is obtaining a conventional gypsium laboratory model from the impression taken from the mouth. Then, the conventional crown-bridge work procedures would be applied. The second way is using an extra abutment connected to an analog, which is inserted in to the impression so a transfer model would be obtained. The abutment remained in the mouth would preferably be fixed permanently and then a temporary fixed restoration is inserted on this.<\/p>\n<p>Before the transfer of the OCTO implants to the laboratory, an acrylic transfer guide for abutments (acrylic index) is made from acrylic pattern resin on the abutments in order to determine the exact positions of the implants within the mouth By virtue of this acrylic guide the abutments that can rotate 360 degrees are transferred to the gypsum model without impairing their positions . While elastomer impression is taken for transfer of the abutments connected to the implants, an acrylic resin transfer quide should be left on the abutments connected to the implants for precision. \u0130n this case plastic abutment copings are not used.<\/p>\n<p>After the abutments are transferred to the gypsum model, they are prepared by the technician for parallel contours. After the preparation for parallelism the technician should remake or correct the acrylic guide.<\/p>\n<h2 id=\"\">Making\u00a0cemented fixed restoration directly on the abutments connected in the mouth<\/h2>\n<p>After parallelization are ensured with straight and angled abutments in the mouth an impression is taken from the mouth after fixing the abutments to the implants.<\/p>\n<p>Then, temporary and permanent fixed cemented restorations can be made with conventional prosthetic methods. One of the following options are applied for the temporary restoration<\/p>\n<ul>\n<li>By using standard prefabricated crowns<\/li>\n<li>By making temporary restoration with the measurement taken within the setup model or the model made from the present restoration<\/li>\n<li>By using acrylic shell crowns prepared in the laboratory<\/li>\n<\/ul>\n<p>[\/vc_column_text][\/vc_column][vc_column width=&#8221;1\/2&#8243;][vc_single_image image=&#8221;110&#8243; img_size=&#8221; 445 \u00d7 205&#8243; alignment=&#8221;center&#8221;][vc_empty_space][vc_single_image image=&#8221;111&#8243; img_size=&#8221;437 \u00d7 272&#8243; alignment=&#8221;center&#8221;][vc_empty_space][vc_single_image image=&#8221;112&#8243; img_size=&#8221;438 \u00d7 411&#8243; alignment=&#8221;center&#8221;][vc_empty_space][vc_single_image image=&#8221;113&#8243; img_size=&#8221;437 \u00d7 370&#8243; alignment=&#8221;center&#8221;][\/vc_column][\/vc_row]<\/p>\n","protected":false},"excerpt":{"rendered":"<p>[vc_row][vc_column width=&#8221;1\/2&#8243;][vc_column_text]Complete and partial edentulous cases can be restored in two ways with OCTO implant system Making\u00a0cemented fixed restoration on the abutments transferred to the laboratory using analogs An impression is taken from the mouth after the abutment is fixed<\/p>\n","protected":false},"author":1,"featured_media":0,"parent":0,"menu_order":0,"comment_status":"closed","ping_status":"closed","template":"","meta":{"footnotes":""},"yoast_head":"<!-- This site is optimized with the Yoast SEO plugin v22.9 - https:\/\/yoast.com\/wordpress\/plugins\/seo\/ -->\n<title>Prosthetic Restoration - Octo \u0130mplant<\/title>\n<meta name=\"robots\" content=\"index, follow, max-snippet:-1, max-image-preview:large, max-video-preview:-1\" \/>\n<link rel=\"canonical\" href=\"https:\/\/octoimplant.com\/index.php\/prosthetic-restoration\/\" \/>\n<meta property=\"og:locale\" content=\"tr_TR\" \/>\n<meta property=\"og:type\" content=\"article\" \/>\n<meta property=\"og:title\" content=\"Prosthetic Restoration - Octo \u0130mplant\" \/>\n<meta property=\"og:description\" content=\"[vc_row][vc_column width=&#8221;1\/2&#8243;][vc_column_text]Complete and partial edentulous cases can be restored in two ways with OCTO implant system Making\u00a0cemented fixed restoration on the abutments transferred to the laboratory using analogs An impression is taken from the mouth after the abutment is fixed\" \/>\n<meta property=\"og:url\" content=\"https:\/\/octoimplant.com\/index.php\/prosthetic-restoration\/\" \/>\n<meta property=\"og:site_name\" content=\"Octo \u0130mplant\" \/>\n<meta name=\"twitter:card\" content=\"summary_large_image\" \/>\n<meta name=\"twitter:label1\" content=\"Tahmini okuma s\u00fcresi\" \/>\n\t<meta name=\"twitter:data1\" content=\"2 dakika\" \/>\n<script type=\"application\/ld+json\" class=\"yoast-schema-graph\">{\"@context\":\"https:\/\/schema.org\",\"@graph\":[{\"@type\":\"WebPage\",\"@id\":\"https:\/\/octoimplant.com\/index.php\/prosthetic-restoration\/\",\"url\":\"https:\/\/octoimplant.com\/index.php\/prosthetic-restoration\/\",\"name\":\"Prosthetic Restoration - Octo \u0130mplant\",\"isPartOf\":{\"@id\":\"https:\/\/octoimplant.com\/#website\"},\"datePublished\":\"2018-03-23T10:25:41+00:00\",\"dateModified\":\"2018-03-23T10:25:41+00:00\",\"breadcrumb\":{\"@id\":\"https:\/\/octoimplant.com\/index.php\/prosthetic-restoration\/#breadcrumb\"},\"inLanguage\":\"tr\",\"potentialAction\":[{\"@type\":\"ReadAction\",\"target\":[\"https:\/\/octoimplant.com\/index.php\/prosthetic-restoration\/\"]}]},{\"@type\":\"BreadcrumbList\",\"@id\":\"https:\/\/octoimplant.com\/index.php\/prosthetic-restoration\/#breadcrumb\",\"itemListElement\":[{\"@type\":\"ListItem\",\"position\":1,\"name\":\"Anasayfa\",\"item\":\"https:\/\/octoimplant.com\/\"},{\"@type\":\"ListItem\",\"position\":2,\"name\":\"Prosthetic Restoration\"}]},{\"@type\":\"WebSite\",\"@id\":\"https:\/\/octoimplant.com\/#website\",\"url\":\"https:\/\/octoimplant.com\/\",\"name\":\"Octo \u0130mplant\",\"description\":\"Dental Implant Systems\",\"publisher\":{\"@id\":\"https:\/\/octoimplant.com\/#organization\"},\"potentialAction\":[{\"@type\":\"SearchAction\",\"target\":{\"@type\":\"EntryPoint\",\"urlTemplate\":\"https:\/\/octoimplant.com\/?s={search_term_string}\"},\"query-input\":\"required name=search_term_string\"}],\"inLanguage\":\"tr\"},{\"@type\":\"Organization\",\"@id\":\"https:\/\/octoimplant.com\/#organization\",\"name\":\"Octo \u0130mplant\",\"url\":\"https:\/\/octoimplant.com\/\",\"logo\":{\"@type\":\"ImageObject\",\"inLanguage\":\"tr\",\"@id\":\"https:\/\/octoimplant.com\/#\/schema\/logo\/image\/\",\"url\":\"https:\/\/octoimplant.com\/wp-content\/uploads\/2018\/03\/cropped-logo.png\",\"contentUrl\":\"https:\/\/octoimplant.com\/wp-content\/uploads\/2018\/03\/cropped-logo.png\",\"width\":212,\"height\":81,\"caption\":\"Octo \u0130mplant\"},\"image\":{\"@id\":\"https:\/\/octoimplant.com\/#\/schema\/logo\/image\/\"}}]}<\/script>\n<!-- \/ Yoast SEO plugin. -->","yoast_head_json":{"title":"Prosthetic Restoration - Octo \u0130mplant","robots":{"index":"index","follow":"follow","max-snippet":"max-snippet:-1","max-image-preview":"max-image-preview:large","max-video-preview":"max-video-preview:-1"},"canonical":"https:\/\/octoimplant.com\/index.php\/prosthetic-restoration\/","og_locale":"tr_TR","og_type":"article","og_title":"Prosthetic Restoration - Octo \u0130mplant","og_description":"[vc_row][vc_column width=&#8221;1\/2&#8243;][vc_column_text]Complete and partial edentulous cases can be restored in two ways with OCTO implant system Making\u00a0cemented fixed restoration on the abutments transferred to the laboratory using analogs An impression is taken from the mouth after the abutment is fixed","og_url":"https:\/\/octoimplant.com\/index.php\/prosthetic-restoration\/","og_site_name":"Octo \u0130mplant","twitter_card":"summary_large_image","twitter_misc":{"Tahmini okuma s\u00fcresi":"2 dakika"},"schema":{"@context":"https:\/\/schema.org","@graph":[{"@type":"WebPage","@id":"https:\/\/octoimplant.com\/index.php\/prosthetic-restoration\/","url":"https:\/\/octoimplant.com\/index.php\/prosthetic-restoration\/","name":"Prosthetic Restoration - Octo \u0130mplant","isPartOf":{"@id":"https:\/\/octoimplant.com\/#website"},"datePublished":"2018-03-23T10:25:41+00:00","dateModified":"2018-03-23T10:25:41+00:00","breadcrumb":{"@id":"https:\/\/octoimplant.com\/index.php\/prosthetic-restoration\/#breadcrumb"},"inLanguage":"tr","potentialAction":[{"@type":"ReadAction","target":["https:\/\/octoimplant.com\/index.php\/prosthetic-restoration\/"]}]},{"@type":"BreadcrumbList","@id":"https:\/\/octoimplant.com\/index.php\/prosthetic-restoration\/#breadcrumb","itemListElement":[{"@type":"ListItem","position":1,"name":"Anasayfa","item":"https:\/\/octoimplant.com\/"},{"@type":"ListItem","position":2,"name":"Prosthetic Restoration"}]},{"@type":"WebSite","@id":"https:\/\/octoimplant.com\/#website","url":"https:\/\/octoimplant.com\/","name":"Octo \u0130mplant","description":"Dental Implant Systems","publisher":{"@id":"https:\/\/octoimplant.com\/#organization"},"potentialAction":[{"@type":"SearchAction","target":{"@type":"EntryPoint","urlTemplate":"https:\/\/octoimplant.com\/?s={search_term_string}"},"query-input":"required name=search_term_string"}],"inLanguage":"tr"},{"@type":"Organization","@id":"https:\/\/octoimplant.com\/#organization","name":"Octo \u0130mplant","url":"https:\/\/octoimplant.com\/","logo":{"@type":"ImageObject","inLanguage":"tr","@id":"https:\/\/octoimplant.com\/#\/schema\/logo\/image\/","url":"https:\/\/octoimplant.com\/wp-content\/uploads\/2018\/03\/cropped-logo.png","contentUrl":"https:\/\/octoimplant.com\/wp-content\/uploads\/2018\/03\/cropped-logo.png","width":212,"height":81,"caption":"Octo \u0130mplant"},"image":{"@id":"https:\/\/octoimplant.com\/#\/schema\/logo\/image\/"}}]}},"_links":{"self":[{"href":"https:\/\/octoimplant.com\/index.php\/wp-json\/wp\/v2\/pages\/109"}],"collection":[{"href":"https:\/\/octoimplant.com\/index.php\/wp-json\/wp\/v2\/pages"}],"about":[{"href":"https:\/\/octoimplant.com\/index.php\/wp-json\/wp\/v2\/types\/page"}],"author":[{"embeddable":true,"href":"https:\/\/octoimplant.com\/index.php\/wp-json\/wp\/v2\/users\/1"}],"replies":[{"embeddable":true,"href":"https:\/\/octoimplant.com\/index.php\/wp-json\/wp\/v2\/comments?post=109"}],"version-history":[{"count":1,"href":"https:\/\/octoimplant.com\/index.php\/wp-json\/wp\/v2\/pages\/109\/revisions"}],"predecessor-version":[{"id":114,"href":"https:\/\/octoimplant.com\/index.php\/wp-json\/wp\/v2\/pages\/109\/revisions\/114"}],"wp:attachment":[{"href":"https:\/\/octoimplant.com\/index.php\/wp-json\/wp\/v2\/media?parent=109"}],"curies":[{"name":"wp","href":"https:\/\/api.w.org\/{rel}","templated":true}]}}